{"id":313,"date":"2014-04-18T19:53:01","date_gmt":"2014-04-18T19:53:01","guid":{"rendered":"http:\/\/www.lemonlab.at\/WP\/?page_id=313"},"modified":"2024-11-21T12:16:55","modified_gmt":"2024-11-21T12:16:55","slug":"skills","status":"publish","type":"page","link":"http:\/\/www.clairetudela.com\/?page_id=313","title":{"rendered":"Resume \/ CV"},"content":{"rendered":"\n<div class=\"wp-container-1 wp-block-group\"><div class=\"wp-block-group__inner-container\">\n<div class=\"wp-block-file\"><a id=\"wp-block-file--media-b336a573-9731-4185-aab8-ba54c4106837\" href=\"http:\/\/www.clairetudela.com\/wp-content\/uploads\/2022\/01\/CLAIRE_TUDELA_Resume_USA_format_2022.pdf\">CLAIRE_TUDELA_Resume_USA_format_2022<\/a><a href=\"http:\/\/www.clairetudela.com\/wp-content\/uploads\/2022\/01\/CLAIRE_TUDELA_Resume_USA_format_2022.pdf\" class=\"wp-block-file__button\" download aria-describedby=\"wp-block-file--media-b336a573-9731-4185-aab8-ba54c4106837\">Download PDF<\/a><\/div>\n\n\n\n<div class=\"wp-block-file\"><a id=\"wp-block-file--media-7978aa57-c2c7-4941-bfdf-272ffd4d43ec\" href=\"http:\/\/www.clairetudela.com\/wp-content\/uploads\/2022\/01\/CLAIRE_TUDELA_CV_English_UK_format_2022.pdf\">CLAIRE_TUDELA_CV_English_UK_format_2022<\/a><a href=\"http:\/\/www.clairetudela.com\/wp-content\/uploads\/2022\/01\/CLAIRE_TUDELA_CV_English_UK_format_2022.pdf\" class=\"wp-block-file__button\" download aria-describedby=\"wp-block-file--media-7978aa57-c2c7-4941-bfdf-272ffd4d43ec\">Download PDF<\/a><\/div>\n<\/div><\/div>\n\n\n\n<div class=\"wp-block-file\"><a id=\"wp-block-file--media-c3416e59-113c-4b32-a34b-31a79e6bfb0f\" href=\"http:\/\/www.clairetudela.com\/wp-content\/uploads\/2022\/01\/CLAIRE_TUDELA_CV_franc\u0327ais_2022.pdf\">CLAIRE_TUDELA_CV_franc\u0327ais_2022<\/a><a href=\"http:\/\/www.clairetudela.com\/wp-content\/uploads\/2022\/01\/CLAIRE_TUDELA_CV_franc\u0327ais_2022.pdf\" class=\"wp-block-file__button\" download aria-describedby=\"wp-block-file--media-c3416e59-113c-4b32-a34b-31a79e6bfb0f\">T\u00e9l\u00e9charger PDF<\/a><\/div>\n\n\n\n<div class=\"wp-container-2 wp-block-group\"><div class=\"wp-block-group__inner-container\">\n<blockquote class=\"wp-block-quote\"><p><strong>FILM<\/strong><\/p><\/blockquote>\n\n\n\n<p><strong>NDA<\/strong> \/ Supporting \/ NDA<br \/><strong>Begegnung in Wien<\/strong> \/ Lead \/ Peter Reinhard <br \/><strong>Festival Film Francophone Trailer<\/strong> \/ Lead \/ Atelier Filmfabrik<br \/><strong>De retour<\/strong> \/ Supporting \/ Fran\u00e7ois Issaverdens\u00a0<\/p>\n<\/div><\/div>\n\n\n\n<blockquote class=\"wp-block-quote\"><p><strong>TELEVISION<\/strong><\/p><\/blockquote>\n\n\n\n<p><strong>Monochrom&#8217;s ISS<\/strong> \/ Series Regular \/  Dir. Johannes Grenzfurthner \/ OKTO TV<br \/><\/p>\n\n\n\n\n\n<blockquote class=\"wp-block-quote\"><p><strong>NEW MEDIA<\/strong> <\/p><\/blockquote>\n\n\n\n<p><strong>French Institute Presentation<\/strong> \/ Co-Star \/ Atelier Filmfabrik<\/p>\n\n\n<blockquote>\n<p><strong>THEATRE <\/strong>(partial list)<\/p>\n<\/blockquote>\n<p><span style=\"font-weight: 400;\"><strong>Le Bourgeois Gentilhomme<\/strong> \/ American Drama Group Europe &#8211; Tour<br \/><\/span><span style=\"font-weight: 400;\"><strong>Aschenputtel (Cinderella)<\/strong> \/ Wiener Ferienspiel<br \/><\/span><span style=\"font-weight: 400;\"><strong>A Midsummer Night&#8217;s Dream<\/strong> \/ Festival d\u2019Avignon &amp; Th\u00e9\u00e2tre Montansier de Versailles<\/span><span style=\"font-weight: 400;\"><br \/><\/span><span style=\"font-weight: 400;\"><strong>La Trilogie de la Vill\u00e9giature<\/strong> \/ Festival d\u2019Avignon &amp; Festival Mois Moli\u00e8re de Versailles<br \/><\/span><span style=\"font-weight: 400;\"><strong>Le Cr\u00e9puscule des Atrides (Oresteia)<\/strong> \/ Istituto Nazionale Dramma Antico Siracusa &#8211; <\/span><span style=\"font-weight: 400;\">Teatro Greco Palazzolo Acreide<br \/><\/span><span style=\"font-weight: 400;\"><strong>Blood Wedding<\/strong> \/ Studio Th\u00e9\u00e2tre de Montreuil<br \/><\/span><span style=\"font-weight: 400;\"><strong>Carmen<\/strong> \/ Th\u00e9\u00e2tre de M\u00e9nilmontant<\/span><\/p>\n<blockquote>\n<p><strong>TRAINING<\/strong><\/p>\n<\/blockquote>\n<p><strong>On-Camera Meisner Technique<\/strong>\/ Jerry Coyle \/ Filmschool Vienna<strong><br \/>On-Camera Audition Techniques<\/strong> \/ Mark Teschner \/ TVI Actors Studio<br \/><span style=\"font-weight: 400;\"><strong>On-Camera Commercial Audition Techniques <\/strong>\/ Vicki Goggin \/ TVI Actors Studio<strong><br \/><\/strong><\/span><strong>On-Camera <\/strong><span style=\"font-weight: 400;\"><strong>Commercial Audition Techniques<\/strong> \/ Mike Pointer \/ Hey, I Saw Your Commercial! Studio<br \/><\/span><span style=\"font-weight: 400;\"><strong>On Camera Scene Study<\/strong> \/ Eva Roth \/ Schauspielstudio Luisa Stachowiak<br \/><\/span><span style=\"font-weight: 400;\"><strong>Improv<\/strong> \/ C. Boso &amp; A. Cottis \/ <\/span><span style=\"font-weight: 400;\">Acad\u00e9mie Internationale des Arts du Spectacle<br \/><\/span><span style=\"font-weight: 400;\"><strong>Character Development<\/strong> \/ Danuta Zarazik \/ Acad\u00e9mie Internationale des Arts du Spectacle<br \/><\/span><span style=\"font-weight: 400;\"><strong>Stanislavski Technique<\/strong> \/ Lili Cecere \/ Acad\u00e9mie Internationale des Arts du Spectacle<br \/><\/span><span style=\"font-weight: 400;\"><strong>Stage Combat<\/strong> \/ Florence Leguy &amp; Bob Heddle-Robboth \/ Acad\u00e9mie Internationale des Arts du Spectacle<br \/><\/span><span style=\"font-weight: 400;\"><strong>Commedia dell\u2019Arte<\/strong> \/ Carlo Boso \/ Acad\u00e9mie Internationale des Arts du Spectacle<br \/><\/span><span style=\"font-weight: 400;\"><strong>Mask Technique <\/strong>\/ Mario Gonzalez&nbsp; &amp; Lluis Graells \/ Acad\u00e9mie Internationale des Arts du Spectacle<br \/><\/span><span style=\"font-weight: 400;\"><strong>Mime &#8211; Marcel Marceau Technique <\/strong>\/ Elena Serra \/ Acad\u00e9mie Internationale des Arts du Spectacle<br \/><strong>Greek Tragedy Study<\/strong> \/ Pascal Arbeille \/ Acad\u00e9mie Internationale des Arts du Spectacle<br \/><\/span><span style=\"font-weight: 400;\"><strong>Noh Theatre Technique <\/strong>\/ Shiro Da\u00efmon \/ Acad\u00e9mie Internationale des Arts du Spectacle<br \/><\/span><span style=\"font-weight: 400;\"><strong>Acting Technique <\/strong>\/ Lorenzo Gonzalez \/ Tulane University<br \/><\/span><span style=\"font-weight: 400;\"><strong>Suzuki Training <\/strong>\/ Antony Sandoval \/ Tulane University<br \/><\/span><span style=\"font-weight: 400;\"><strong>Voice Technique <\/strong>\/ Paul Schierhorn \/ Tulane University<br \/><\/span><span style=\"font-weight: 400;\"><strong>Voice-Over<\/strong> \/ Lorenzo Pancino \/ Lorenzo Pancino Academy (ongoing)<br \/><strong>Voice-Over<\/strong> \/ Charlotte Guedj \/ Avenue de la Voix<strong><br \/><\/strong><\/span><span style=\"font-weight: 400;\"><strong>Voice &#8211; Singing <\/strong>\/ Ute Lemper \/ Biennale Teatro Venezia &#8211; La Fenice<br \/><\/span><span style=\"font-weight: 400;\"><strong>Voice &#8211; Opera Singing <\/strong>\/ S. Unterleithner \/ Sunrise Studios Konservatorium<br \/><\/span><strong>Musical Theatre <\/strong>\/<strong> <span style=\"font-weight: 400;\">Maya Hakvoort \/ Sunrise Studios Konservatorium<\/span><\/strong><\/p>\n<blockquote>\n<p><strong>SPECIAL SKILLS<\/strong><\/p>\n<\/blockquote>\n<p><b>Singing<\/b><span style=\"font-weight: 400;\">: Soprano (G3\u2013E\u266d6) <br \/><\/span><b>Instrument<\/b><span style=\"font-weight: 400;\">: Concert Flute (intermediate)<br \/><\/span><b>Languages<\/b><span style=\"font-weight: 400;\">: French (native), English &amp; German (fluent), Italian (intermediate), Spanish &amp; French Sign Language (basic) <br \/><b>Accents<\/b>: French&nbsp;<br \/><\/span><b>Dance<\/b><span style=\"font-weight: 400;\">: Ballet (20+ years), Flamenco, Graham, Jazz (intermediate) <br \/><\/span><b>Sports<\/b><span style=\"font-weight: 400;\">: Scuba (certificated), Swimming, Horse Riding (basic) <br \/><\/span><b>Additional<\/b><span style=\"font-weight: 400;\">: Theatre Director, Commedia dell\u00b4Arte Instructor, Improv, Stage Combat (swords and unarmed), Voice-Over, French Speech Coach (Master of Arts), Translator, Theatre Surtitles, Former Nanny, Driver\u2019s Licence, Current EU Passport<\/span><\/p>\n<blockquote>\n<p><strong>DEGREES AND CERTIFICATES<br \/><\/strong><\/p>\n<\/blockquote>\n<p>Three year <strong>Acting Training Diploma <\/strong>\/ Acad\u00e9mie Internationale des Arts du Spectacle<br \/><strong>Master of Arts <\/strong>in <strong>French as a Foreign Language<\/strong> \/ Universit\u00e9 d&#8217;Artois &amp; Universit\u00e9 Stendhal&nbsp;<br \/>First year of<strong> Master&#8217;s Degree <\/strong>in <strong>English and German Studies<\/strong> \/ Universit\u00e9 Lumi\u00e8re &amp; Tulane University<\/p>\n\n\n<p><\/p>\n\n\n\n<p><\/p>\n\n\n\n<div class=\"wp-block-file\"><a id=\"wp-block-file--media-1a786c7c-694b-4eb7-987e-f3471dccdb1c\" href=\"http:\/\/www.clairetudela.com\/wp-content\/uploads\/2022\/01\/CLAIRE_TUDELA_Resume_USA_format_2022.pdf\">CLAIRE_TUDELA_Resume_USA_format_2022<\/a><a href=\"http:\/\/www.clairetudela.com\/wp-content\/uploads\/2022\/01\/CLAIRE_TUDELA_Resume_USA_format_2022.pdf\" class=\"wp-block-file__button\" download aria-describedby=\"wp-block-file--media-1a786c7c-694b-4eb7-987e-f3471dccdb1c\">Download PDF<\/a><\/div>\n\n\n\n<div class=\"wp-block-file\"><a id=\"wp-block-file--media-86e1772c-6b76-4dc6-a8f3-af2d11db7371\" href=\"http:\/\/www.clairetudela.com\/wp-content\/uploads\/2022\/01\/CLAIRE_TUDELA_CV_English_UK_format_2022.pdf\">CLAIRE_TUDELA_CV_English_UK_format_2022<\/a><a href=\"http:\/\/www.clairetudela.com\/wp-content\/uploads\/2022\/01\/CLAIRE_TUDELA_CV_English_UK_format_2022.pdf\" class=\"wp-block-file__button\" download aria-describedby=\"wp-block-file--media-86e1772c-6b76-4dc6-a8f3-af2d11db7371\">Download PDF<\/a><\/div>\n\n\n\n<p><\/p>\n\n\n\n<div class=\"wp-block-file\"><a id=\"wp-block-file--media-f41edfb3-cd92-4e6e-9556-e2c81b974c4a\" href=\"http:\/\/www.clairetudela.com\/wp-content\/uploads\/2022\/01\/CLAIRE_TUDELA_CV_franc\u0327ais_2022.pdf\">CLAIRE_TUDELA_CV_franc\u0327ais_2022<\/a><a href=\"http:\/\/www.clairetudela.com\/wp-content\/uploads\/2022\/01\/CLAIRE_TUDELA_CV_franc\u0327ais_2022.pdf\" class=\"wp-block-file__button\" download aria-describedby=\"wp-block-file--media-f41edfb3-cd92-4e6e-9556-e2c81b974c4a\">T\u00e9l\u00e9charger PDF<\/a><\/div>\n\n\n\n<p><\/p>\n","protected":false},"excerpt":{"rendered":"<p>FILM NDA \/ Supporting \/ NDABegegnung in Wien \/ Lead \/ Peter Reinhard Festival Film Francophone Trailer \/ Lead \/ Atelier FilmfabrikDe retour \/ Supporting \/ Fran\u00e7ois Issaverdens\u00a0 TELEVISION Monochrom&#8217;s ISS \/ Series Regular \/ Dir. Johannes Grenzfurthner \/ OKTO&#8230; <a class=\"more-link\" href=\"http:\/\/www.clairetudela.com\/?page_id=313\">Weiterlesen &rarr;<\/a><\/p>\n","protected":false},"author":3,"featured_media":987,"parent":2,"menu_order":0,"comment_status":"open","ping_status":"open","template":"template-nosidebar.php","meta":{"ngg_post_thumbnail":0},"_links":{"self":[{"href":"http:\/\/www.clairetudela.com\/index.php?rest_route=\/wp\/v2\/pages\/313"}],"collection":[{"href":"http:\/\/www.clairetudela.com\/index.php?rest_route=\/wp\/v2\/pages"}],"about":[{"href":"http:\/\/www.clairetudela.com\/index.php?rest_route=\/wp\/v2\/types\/page"}],"author":[{"embeddable":true,"href":"http:\/\/www.clairetudela.com\/index.php?rest_route=\/wp\/v2\/users\/3"}],"replies":[{"embeddable":true,"href":"http:\/\/www.clairetudela.com\/index.php?rest_route=%2Fwp%2Fv2%2Fcomments&post=313"}],"version-history":[{"count":161,"href":"http:\/\/www.clairetudela.com\/index.php?rest_route=\/wp\/v2\/pages\/313\/revisions"}],"predecessor-version":[{"id":1317,"href":"http:\/\/www.clairetudela.com\/index.php?rest_route=\/wp\/v2\/pages\/313\/revisions\/1317"}],"up":[{"embeddable":true,"href":"http:\/\/www.clairetudela.com\/index.php?rest_route=\/wp\/v2\/pages\/2"}],"wp:featuredmedia":[{"embeddable":true,"href":"http:\/\/www.clairetudela.com\/index.php?rest_route=\/wp\/v2\/media\/987"}],"wp:attachment":[{"href":"http:\/\/www.clairetudela.com\/index.php?rest_route=%2Fwp%2Fv2%2Fmedia&parent=313"}],"curies":[{"name":"wp","href":"https:\/\/api.w.org\/{rel}","templated":true}]}}