{"id":12,"date":"2013-01-30T14:38:29","date_gmt":"2013-01-30T14:38:29","guid":{"rendered":"http:\/\/www.lemonlab.at\/WP\/?page_id=12"},"modified":"2024-11-21T12:47:45","modified_gmt":"2024-11-21T12:47:45","slug":"vita","status":"publish","type":"page","link":"http:\/\/www.clairetudela.com\/?page_id=12","title":{"rendered":"Acting Workshops and Classes"},"content":{"rendered":"\n<p><\/p>\n\n\n<p>&nbsp;<\/p>\n<p><strong>Commedia dell&#8217;Arte Workshops<\/strong> in French, German or English upon request.&nbsp;<\/p>\n<h6>&nbsp;<\/h6>\n<h3 style=\"text-align: center;\"><strong>ATELIER TH\u00c9\u00c2TRE de l&#8217;Institut Fran\u00e7ais d&#8217;Autriche<\/strong><\/h3>\n<h3 style=\"text-align: center;\">avec Claire Tudela<\/h3>\n<p style=\"text-align: center;\"><span style=\"color: #ff0000;\">&nbsp;<\/span><\/p>\n<blockquote>\n<p style=\"text-align: center;\">Exercices sur le corps &amp; Respiration<\/p>\n<p style=\"text-align: center;\">Placement de la voix &amp; Diction<\/p>\n<p style=\"text-align: center;\">Jeu &amp; Improvisation<\/p>\n<p style=\"text-align: center;\">Travail sur une com\u00e9die classique<\/p>\n<p style=\"text-align: center;\">Histoire du th\u00e9\u00e2tre<\/p>\n<\/blockquote>\n<div id=\"u_fetchstream_3_l\">\n<div class=\"_4wyf\">\n<h4 style=\"text-align: center;\"><strong>Cours trimestriels de th\u00e9\u00e2tre en fran\u00e7ais :<\/strong><\/h4>\n<h4 style=\"text-align: center;\"><strong>mercredi : 18h30-20h<\/strong><\/h4>\n<p style=\"text-align: center;\"><em><span class=\"text_exposed_show\">Lieu : Institut Fran\u00e7ais d&#8217;Autriche, Praterstra\u00dfe 38, 1020 Wien<br \/><\/span><\/em><\/p>\n<p style=\"text-align: center;\">Reprise : <br \/><strong>Octobre 2024<br \/><\/strong><\/p>\n<p style=\"text-align: center;\"><strong>Inscriptions<\/strong> :&nbsp; <strong>kurse@institutfr.at<br \/><\/strong><strong>Renseignements<\/strong> : <strong>theatre@clairetudela.com<\/strong><\/p>\n<p style=\"text-align: center;\">Informations \u00e0 retrouver sur le <strong>site de l&#8217;Institut Fran\u00e7ais d&#8217;Autriche <\/strong>:<br \/><a href=\"https:\/\/institutfrancais.at\/fr\/kurse\/atelier-theatre\">https:\/\/institutfrancais.at\/fr\/kurse\/atelier-theatre<\/a><\/p>\n<p style=\"text-align: center;\">Follow &#8222;Atelier Th\u00e9\u00e2tre Wien mit Claire Tudela&#8220; on<strong>&nbsp;Facebook<\/strong> : <a href=\"https:\/\/www.facebook.com\/ateliertheatrewien\/\">https:\/\/www.facebook.com\/ateliertheatrewien\/<\/a><\/p>\n<\/div>\n<\/div>\n\n\n<p><br \/><\/p>\n","protected":false},"excerpt":{"rendered":"<p>&nbsp; Commedia dell&#8217;Arte Workshops in French, German or English upon request.&nbsp; &nbsp; ATELIER TH\u00c9\u00c2TRE de l&#8217;Institut Fran\u00e7ais d&#8217;Autriche avec Claire Tudela &nbsp; Exercices sur le corps &amp; Respiration Placement de la voix &amp; Diction Jeu &amp; Improvisation Travail sur une&#8230; <a class=\"more-link\" href=\"http:\/\/www.clairetudela.com\/?page_id=12\">Weiterlesen &rarr;<\/a><\/p>\n","protected":false},"author":1,"featured_media":606,"parent":2,"menu_order":4,"comment_status":"closed","ping_status":"closed","template":"template-nosidebar.php","meta":{"ngg_post_thumbnail":0},"_links":{"self":[{"href":"http:\/\/www.clairetudela.com\/index.php?rest_route=\/wp\/v2\/pages\/12"}],"collection":[{"href":"http:\/\/www.clairetudela.com\/index.php?rest_route=\/wp\/v2\/pages"}],"about":[{"href":"http:\/\/www.clairetudela.com\/index.php?rest_route=\/wp\/v2\/types\/page"}],"author":[{"embeddable":true,"href":"http:\/\/www.clairetudela.com\/index.php?rest_route=\/wp\/v2\/users\/1"}],"replies":[{"embeddable":true,"href":"http:\/\/www.clairetudela.com\/index.php?rest_route=%2Fwp%2Fv2%2Fcomments&post=12"}],"version-history":[{"count":81,"href":"http:\/\/www.clairetudela.com\/index.php?rest_route=\/wp\/v2\/pages\/12\/revisions"}],"predecessor-version":[{"id":1319,"href":"http:\/\/www.clairetudela.com\/index.php?rest_route=\/wp\/v2\/pages\/12\/revisions\/1319"}],"up":[{"embeddable":true,"href":"http:\/\/www.clairetudela.com\/index.php?rest_route=\/wp\/v2\/pages\/2"}],"wp:featuredmedia":[{"embeddable":true,"href":"http:\/\/www.clairetudela.com\/index.php?rest_route=\/wp\/v2\/media\/606"}],"wp:attachment":[{"href":"http:\/\/www.clairetudela.com\/index.php?rest_route=%2Fwp%2Fv2%2Fmedia&parent=12"}],"curies":[{"name":"wp","href":"https:\/\/api.w.org\/{rel}","templated":true}]}}